{"id":1308,"date":"2018-05-02T13:40:41","date_gmt":"2018-05-02T10:40:41","guid":{"rendered":"http:\/\/growthside.gr\/de\/ypiresies\/"},"modified":"2018-05-25T18:36:45","modified_gmt":"2018-05-25T15:36:45","slug":"dienstleistungen","status":"publish","type":"page","link":"https:\/\/www.growthside.gr\/de\/dienstleistungen\/","title":{"rendered":"DIENSTLEISTUNGEN"},"content":{"rendered":"<p>[vc_row row_type=&#8220;row&#8220; use_row_as_full_screen_section=&#8220;no&#8220; type=&#8220;full_width&#8220; angled_section=&#8220;no&#8220; text_align=&#8220;left&#8220; background_image_as_pattern=&#8220;without_pattern&#8220; css_animation=&#8220;&#8220;][vc_column][vc_single_image image=&#8220;818&#8243; img_size=&#8220;1200\u03a7500&#8243; alignment=&#8220;center&#8220; qode_css_animation=&#8220;&#8220;][\/vc_column][\/vc_row][vc_row row_type=&#8220;row&#8220; use_row_as_full_screen_section=&#8220;no&#8220; type=&#8220;full_width&#8220; angled_section=&#8220;no&#8220; text_align=&#8220;left&#8220; background_image_as_pattern=&#8220;without_pattern&#8220; css_animation=&#8220;&#8220;][vc_column][vc_empty_space height=&#8220;64px&#8220;][\/vc_column][\/vc_row][vc_row row_type=&#8220;row&#8220; use_row_as_full_screen_section=&#8220;no&#8220; type=&#8220;grid&#8220; in_content_menu=&#8220;in_content_menu&#8220; content_menu_icon=&#8220;&#8220; angled_section=&#8220;no&#8220; text_align=&#8220;center&#8220; background_image_as_pattern=&#8220;without_pattern&#8220; css_animation=&#8220;element_from_top&#8220; css=&#8220;.vc_custom_1525267167049{margin-right: 0px !important;margin-left: 0px !important;border-right-width: 0px !important;border-left-width: 0px !important;padding-right: 0px !important;padding-left: 0px !important;}&#8220;][vc_column][vc_column_text css=&#8220;.vc_custom_1525702696228{margin-right: 10px !important;margin-left: 10px !important;}&#8220;]<\/p>\n<h1 style=\"text-align: center;\">DIENSTLEISTUNGEN<\/h1>\n<p>[\/vc_column_text][\/vc_column][\/vc_row][vc_row row_type=&#8220;row&#8220; use_row_as_full_screen_section=&#8220;no&#8220; type=&#8220;grid&#8220; angled_section=&#8220;no&#8220; text_align=&#8220;center&#8220; background_image_as_pattern=&#8220;without_pattern&#8220; css_animation=&#8220;&#8220; css=&#8220;.vc_custom_1525265472541{margin-right: 0px !important;margin-left: 0px !important;border-right-width: 0px !important;border-left-width: 0px !important;padding-right: 0px !important;padding-left: 0px !important;}&#8220;][vc_column width=&#8220;1\/3&#8243; css=&#8220;.vc_custom_1525265455975{margin-right: 0px !important;margin-left: 0px !important;border-right-width: 0px !important;border-left-width: 0px !important;padding-right: 0px !important;padding-left: 0px !important;}&#8220;]<div class='q_icon_with_title large custom_icon_image center'><div class=\"icon_holder \" style=\" \"><img decoding=\"async\" itemprop=\"image\" style=\"\" src=\"https:\/\/www.growthside.gr\/wp-content\/uploads\/2018\/04\/real.jpg\" alt=\"\"><\/div><div class=\"icon_text_holder\" style=\"\"><div class=\"icon_text_inner\" style=\"\"><h5 class=\"icon_title\" style=\"font-weight: 600;\">IMMOBILIER MAKLERLOHN<\/h5><p style=''>\u0391\u03bd\u03b1\u03bb\u03b1\u03bc\u03b2\u03ac\u03bd\u03bf\u03c5\u03bc\u03b5 \u03c4\u03b7\u03bd \u03b5\u03ba\u03c4\u03af\u03bc\u03b7\u03c3\u03b7 \u03c4\u03bf\u03c5 \u03b1\u03ba\u03b9\u03bd\u03ae\u03c4\u03bf\u03c5 \u03c3\u03b1\u03c2, \u03c4\u03b7\u03bd \u03c0\u03c1\u03bf\u03ce\u03b8\u03b7\u03c3\u03b7 \u03ba\u03b1\u03b9 \u03c0\u03ce\u03bb\u03b7\u03c3\u03b7 \u03ae \u03b5\u03bd\u03bf\u03b9\u03ba\u03af\u03b1\u03c3\u03b7 \u03c4\u03bf\u03c5. \u0393\u03b9\u03b1 \u03b5\u03bd\u03b4\u03b9\u03b1\u03c6\u03b5\u03c1\u03cc\u03bc\u03b5\u03bd\u03bf\u03c5\u03c2 \u03b1\u03b3\u03bf\u03c1\u03b1\u03c3\u03c4\u03ad\u03c2, \u03c0\u03c1\u03bf\u03c3\u03c6\u03ad\u03c1\u03bf\u03c5\u03bc\u03b5 \u03c0\u03bb\u03ae\u03c1\u03b7\u03c2 \u03c5\u03c0\u03b7\u03c1\u03b5\u03c3\u03af\u03b5\u03c2: \u03ad\u03c1\u03b5\u03c5\u03bd\u03b1\u03c2 \u03ba\u03b1\u03b9 \u03b5\u03be\u03b5\u03cd\u03c1\u03b5\u03c3\u03b7\u03c2 \u03c4\u03bf\u03c5 \u03b6\u03b7\u03c4\u03bf\u03cd\u03bc\u03b5\u03bd\u03bf\u03c5 \u03b1\u03ba\u03b9\u03bd\u03ae\u03c4\u03bf\u03c5, \u03bd\u03bf\u03bc\u03b9\u03ba\u03bf\u03cd \u03ba\u03b1\u03b9 \u03c4\u03b5\u03c7\u03bd\u03b9\u03ba\u03bf\u03cd \u03b5\u03bb\u03ad\u03b3\u03c7\u03bf\u03c5, \u03b4\u03b9\u03b1\u03c0\u03c1\u03b1\u03b3\u03bc\u03ac\u03c4\u03b5\u03c5\u03c3\u03b7\u03c2 \u03c0\u03ce\u03bb\u03b7\u03c3\u03b7\u03c2-\u03c4\u03b9\u03bc\u03ae\u03c2 \u03ba\u03b1\u03b9 \u03c3\u03cd\u03bd\u03c4\u03b1\u03be\u03b7\u03c2 \u03c6\u03b1\u03ba\u03ad\u03bb\u03bf\u03c5 \u03bc\u03b5 \u03c4\u03b1 \u03b1\u03c0\u03b1\u03c1\u03b1\u03af\u03c4\u03b7\u03c4\u03b1 \u03ad\u03b3\u03b3\u03c1\u03b1\u03c6\u03b1.<\/p><\/div><\/div><\/div>[\/vc_column][vc_column width=&#8220;1\/3&#8243; css=&#8220;.vc_custom_1525265919792{margin-right: 0px !important;margin-left: 0px !important;border-right-width: 0px !important;border-left-width: 0px !important;padding-right: 30px !important;padding-left: 30px !important;}&#8220;]<div class='q_icon_with_title large custom_icon_image center'><div class=\"icon_holder \" style=\" \"><img decoding=\"async\" itemprop=\"image\" style=\"\" src=\"https:\/\/www.growthside.gr\/wp-content\/uploads\/2018\/04\/exports32.jpg\" alt=\"\"><\/div><div class=\"icon_text_holder\" style=\"\"><div class=\"icon_text_inner\" style=\"\"><h5 class=\"icon_title\" style=\"font-weight: 600;\">EXPORTE<\/h5><p style=''>F\u00fcr alle modernen Unternehmen ist die Exportorientierung auf internationalen M\u00e4rkten von wesentlicher Bedeutung. Besonders wichtig ist sie f\u00fcr griechische Unternehmen, die in Opposition zu der wachsenden Nachfrage an griechischen Produkten im Ausland...<\/p><a itemprop='url' class='icon_with_title_link' href='http:\/\/growthside.gr\/eksagoges' target='_self' style='color: #ffffff;'>Mehr Sehen<\/a><\/div><\/div><\/div>[\/vc_column][vc_column width=&#8220;1\/3&#8243; css=&#8220;.vc_custom_1525264847152{margin-right: 0px !important;margin-left: 0px !important;border-right-width: 0px !important;border-left-width: 0px !important;padding-right: 0px !important;padding-left: 0px !important;}&#8220;]<div class='q_icon_with_title large custom_icon_image center'><div class=\"icon_holder \" style=\" \"><img decoding=\"async\" itemprop=\"image\" style=\"\" src=\"https:\/\/www.growthside.gr\/wp-content\/uploads\/2018\/04\/fund.jpg\" alt=\"\"><\/div><div class=\"icon_text_holder\" style=\"\"><div class=\"icon_text_inner\" style=\"\"><h5 class=\"icon_title\" style=\"font-weight: 600;\">INVESTITIONS PROJEKTE<\/h5><p style=''>Die Finanzierung der Investitionsvorhaben durch nationale und EU kommunale Ressourcen, stellt in den letzten Jahren einen entscheidenden Parameter f\u00fcr die Entwicklungsstrategie der griechischen Unternehmen dar...<\/p><a itemprop='url' class='icon_with_title_link' href='http:\/\/growthside.gr\/xrimatodotisi' target='_self' style='color: #ffffff;'>Mehr Sehen<\/a><\/div><\/div><\/div>[\/vc_column][\/vc_row]<\/p>\n","protected":false},"excerpt":{"rendered":"<p>[vc_row row_type=&#8220;row&#8220; use_row_as_full_screen_section=&#8220;no&#8220; type=&#8220;full_width&#8220; angled_section=&#8220;no&#8220; text_align=&#8220;left&#8220; background_image_as_pattern=&#8220;without_pattern&#8220; css_animation=&#8220;&#8220;][vc_column][vc_single_image image=&#8220;818&#8243; img_size=&#8220;1200\u03a7500&#8243; alignment=&#8220;center&#8220; qode_css_animation=&#8220;&#8220;][\/vc_column][\/vc_row][vc_row row_type=&#8220;row&#8220; use_row_as_full_screen_section=&#8220;no&#8220; type=&#8220;full_width&#8220; angled_section=&#8220;no&#8220; text_align=&#8220;left&#8220; background_image_as_pattern=&#8220;without_pattern&#8220; css_animation=&#8220;&#8220;][vc_column][vc_empty_space height=&#8220;64px&#8220;][\/vc_column][\/vc_row][vc_row row_type=&#8220;row&#8220; use_row_as_full_screen_section=&#8220;no&#8220; type=&#8220;grid&#8220; in_content_menu=&#8220;in_content_menu&#8220; content_menu_icon=&#8220;&#8220; angled_section=&#8220;no&#8220; text_align=&#8220;center&#8220; background_image_as_pattern=&#8220;without_pattern&#8220; css_animation=&#8220;element_from_top&#8220; css=&#8220;.vc_custom_1525267167049{margin-right: 0px !important;margin-left: 0px !important;border-right-width: 0px !important;border-left-width: 0px !important;padding-right: 0px !important;padding-left: 0px !important;}&#8220;][vc_column][vc_column_text css=&#8220;.vc_custom_1525702696228{margin-right: 10px !important;margin-left:&#8230;<\/p>\n","protected":false},"author":4,"featured_media":0,"parent":0,"menu_order":0,"comment_status":"closed","ping_status":"closed","template":"","meta":{"om_disable_all_campaigns":false,"inline_featured_image":false,"_monsterinsights_skip_tracking":false,"_monsterinsights_sitenote_active":false,"_monsterinsights_sitenote_note":"","_monsterinsights_sitenote_category":0,"footnotes":""},"aioseo_notices":[],"_links":{"self":[{"href":"https:\/\/www.growthside.gr\/de\/wp-json\/wp\/v2\/pages\/1308"}],"collection":[{"href":"https:\/\/www.growthside.gr\/de\/wp-json\/wp\/v2\/pages"}],"about":[{"href":"https:\/\/www.growthside.gr\/de\/wp-json\/wp\/v2\/types\/page"}],"author":[{"embeddable":true,"href":"https:\/\/www.growthside.gr\/de\/wp-json\/wp\/v2\/users\/4"}],"replies":[{"embeddable":true,"href":"https:\/\/www.growthside.gr\/de\/wp-json\/wp\/v2\/comments?post=1308"}],"version-history":[{"count":7,"href":"https:\/\/www.growthside.gr\/de\/wp-json\/wp\/v2\/pages\/1308\/revisions"}],"predecessor-version":[{"id":1476,"href":"https:\/\/www.growthside.gr\/de\/wp-json\/wp\/v2\/pages\/1308\/revisions\/1476"}],"wp:attachment":[{"href":"https:\/\/www.growthside.gr\/de\/wp-json\/wp\/v2\/media?parent=1308"}],"curies":[{"name":"wp","href":"https:\/\/api.w.org\/{rel}","templated":true}]}}