{"id":402,"date":"2016-06-29T20:42:15","date_gmt":"2016-06-29T20:42:15","guid":{"rendered":"http:\/\/growthside.gr\/%ce%b1%cf%81%cf%87%ce%b9%ce%ba%ce%b7\/?lang=de"},"modified":"2023-05-31T15:42:52","modified_gmt":"2023-05-31T12:42:52","slug":"zuhause","status":"publish","type":"page","link":"https:\/\/www.growthside.gr\/de\/zuhause\/","title":{"rendered":"\u0391\u03a1\u03a7\u0399\u039a\u0397"},"content":{"rendered":"<p>[vc_row row_type=&#8220;row&#8220; use_row_as_full_screen_section=&#8220;no&#8220; type=&#8220;grid&#8220; anchor=&#8220;etaireia&#8220; angled_section=&#8220;no&#8220; text_align=&#8220;left&#8220; background_image_as_pattern=&#8220;without_pattern&#8220; css_animation=&#8220;&#8220; css=&#8220;.vc_custom_1469052240076{padding-top: 40px !important;padding-bottom: 20px !important;}&#8220;][vc_column][vc_column_text]<\/p>\n<h1 style=\"text-align: center;\">DAS UNTERNEHMEN<\/h1>\n<p>[\/vc_column_text][vc_separator type=&#8220;small&#8220; position=&#8220;center&#8220; color=&#8220;#00234d&#8220;][vc_row_inner row_type=&#8220;row&#8220; type=&#8220;full_width&#8220; text_align=&#8220;left&#8220; css_animation=&#8220;&#8220;][vc_column_inner width=&#8220;1\/3&#8243;]<div class='q_icon_with_title very_large custom_icon_image center'><div class=\"icon_holder \" style=\" \"><img decoding=\"async\" itemprop=\"image\" style=\"\" src=\"https:\/\/www.growthside.gr\/wp-content\/uploads\/2016\/06\/logo-2.png\" alt=\"\"><\/div><div class=\"icon_text_holder\" style=\"\"><div class=\"icon_text_inner\" style=\"\"><h5 class=\"icon_title\" style=\"\">GEMEINSAMES EHRGEIZ <\/h5><p style=''>Wir teilen Ihre Vision, den Wachstumsehrgeiz f\u00fcr Ihr Unternehmen. Wir arbeiten, als w\u00e4r Ihr Unternehmen ein Teil von uns. Das wichtigste dabei: der Erfolg. Der gemeinsame Erfolg.<\/p><\/div><\/div><\/div>[\/vc_column_inner][vc_column_inner width=&#8220;1\/3&#8243;]<div class='q_icon_with_title very_large custom_icon_image center'><div class=\"icon_holder \" style=\" \"><img decoding=\"async\" itemprop=\"image\" style=\"\" src=\"https:\/\/www.growthside.gr\/wp-content\/uploads\/2016\/06\/logo-3.png\" alt=\"\"><\/div><div class=\"icon_text_holder\" style=\"\"><div class=\"icon_text_inner\" style=\"\"><h5 class=\"icon_title\" style=\"\">VERBINDEN <\/h5><p style=''>Wir glauben an Extravertiertheit, entwickeln Ideen, setzen sie um, kr\u00e4ftigen das ``Team`` zwischen dem Kunde - Lieferant und f\u00fchren sie zueinander.<\/p><\/div><\/div><\/div>[\/vc_column_inner][vc_column_inner width=&#8220;1\/3&#8243;]<div class='q_icon_with_title very_large custom_icon_image center'><div class=\"icon_holder \" style=\" \"><img decoding=\"async\" itemprop=\"image\" style=\"\" src=\"https:\/\/www.growthside.gr\/wp-content\/uploads\/2016\/06\/logo-1.png\" alt=\"\"><\/div><div class=\"icon_text_holder\" style=\"\"><div class=\"icon_text_inner\" style=\"\"><h5 class=\"icon_title\" style=\"\">WEITER GEHEN <\/h5><p style=''>Wir glauben an Extravertiertheit, entwickeln Ideen, setzen sie um, kr\u00e4ftigen das ``Team`` zwischen dem Kunde - Lieferant und f\u00fchren sie zueinander.<\/p><\/div><\/div><\/div>[\/vc_column_inner][\/vc_row_inner][vc_row_inner row_type=&#8220;row&#8220; type=&#8220;full_width&#8220; text_align=&#8220;left&#8220; css_animation=&#8220;&#8220;][vc_column_inner]<div class=\"qode-animation-holder element_from_fade\"><div class=\"qode-animation-holder-inner\"  style=\"-webkit-animation-delay:s; animation-delay:s; -webkit-transition-delay:s; transition-delay:s\">[vc_column_text]Das Growth Side ist ein neues Unternehmen mit Sitz in Pir\u00e4us, dem gr\u00f6\u00dften Hafen Griechenlands und einem der gr\u00f6\u00dften in Europa.<\/p>\n<p>Wir spezialisieren uns auf drei Bereiche:<\/p>\n<p><strong>Immobilier\u00a0Maklerlohn<\/strong><\/p>\n<p><strong>Exklusive Vertretung und Warenvermittlung im Ausland<\/strong><\/p>\n<p>Mit Partnern in ganz Griechenland sowie im Ausland und als Mitglied der Panhellenischen Exportverband, beherrschen wir das Know-how f\u00fcr die erfolgreiche Beteiligung griechischer Unternehmen an internationalen M\u00e4rkten. Herausforderungen und Chancen f\u00fcr Exportgesch\u00e4fte nehmen wir gerne an. Wir \u00fcbernehmen die exklusive Auslandsvertretung Ihrer Produkte und bieten Ihnen umfassende Unterst\u00fctzung f\u00fcr die richtige und erfolgreiche Organisation des Exportes Ihres Unternehmens.<\/p>\n<p><strong>Finanzierung und Verwaltung von Investitionsprojekten<\/strong><\/p>\n<p>Wir evaluieren Gesch\u00e4ftsideen, um realistische Umsetzungsvorschl\u00e4ge zusammenzustellen und vor falschen Entscheidungen zu sch\u00fctzen. Wir bieten vollendete L\u00f6sungen f\u00fcr potenzielle Investoren, indem wir Ihnen die M\u00f6glichkeit bieten, an allen Programmen teilzunehmen, welche die erforderlichen Voraussetzungen erf\u00fcllen, genehmigt zu werden. Im Rahmen subventionierter Programmen arbeiten wir Finanzstudien f\u00fcr Unternehmer aus, die in ihre Unternehmen investieren wollen, indem sie ihre Vorteile maximieren, sowie f\u00fcr junge Unternehmern, die eine Finanzierung und beratende Unterst\u00fctzung ben\u00f6tigen, um ihr eigenes Unternehmen zu gr\u00fcnden.[\/vc_column_text]<\/div><\/div>[\/vc_column_inner][\/vc_row_inner][\/vc_column][\/vc_row][vc_row row_type=&#8220;row&#8220; use_row_as_full_screen_section=&#8220;no&#8220; type=&#8220;grid&#8220; anchor=&#8220;ipiresies&#8220; angled_section=&#8220;no&#8220; text_align=&#8220;left&#8220; background_image_as_pattern=&#8220;without_pattern&#8220; css_animation=&#8220;&#8220; css=&#8220;.vc_custom_1469052276096{padding-top: 40px !important;padding-bottom: 20px !important;background-color: #ffffff !important;}&#8220;][vc_column][vc_column_text]<\/p>\n<h1 style=\"text-align: center;\">DIENSTLEISTUNGEN<\/h1>\n<p>[\/vc_column_text][vc_separator type=&#8220;small&#8220; position=&#8220;center&#8220; color=&#8220;#00234d&#8220;][vc_row_inner row_type=&#8220;row&#8220; type=&#8220;full_width&#8220; text_align=&#8220;left&#8220; css_animation=&#8220;&#8220; css=&#8220;.vc_custom_1467480045967{padding-top: 40px !important;padding-bottom: 40px !important;}&#8220;][vc_column_inner width=&#8220;1\/2&#8243;]<div class='q_icon_with_title very_large custom_icon_image center'><div class=\"icon_holder \" style=\" \"><img decoding=\"async\" itemprop=\"image\" style=\"\" src=\"https:\/\/www.growthside.gr\/wp-content\/uploads\/2016\/06\/exports_210.png\" alt=\"\"><\/div><div class=\"icon_text_holder\" style=\"\"><div class=\"icon_text_inner\" style=\"\"><h5 class=\"icon_title\" style=\"\">EXPORT<\/h5><p style=''>F\u00fcr alle modernen Unternehmen ist die Exportorientierung auf internationalen M\u00e4rkten von wesentlicher Bedeutung. Besonders wichtig ist sie f\u00fcr griechische Unternehmen, die in Opposition zu der wachsenden Nachfrage an griechischen Produkten im Ausland...<\/p><a itemprop='url' class='icon_with_title_link' href='http:\/\/growthside.gr\/de\/eksagoges\/' target='_self' style='color: #ffffff;'>See More<\/a><\/div><\/div><\/div>[\/vc_column_inner][vc_column_inner width=&#8220;1\/2&#8243;]<div class='q_icon_with_title very_large custom_icon_image center'><div class=\"icon_holder \" style=\" \"><img decoding=\"async\" itemprop=\"image\" style=\"\" src=\"https:\/\/www.growthside.gr\/wp-content\/uploads\/2016\/06\/xrimatodotisi_210.png\" alt=\"\"><\/div><div class=\"icon_text_holder\" style=\"\"><div class=\"icon_text_inner\" style=\"\"><h5 class=\"icon_title\" style=\"\">FINANZIERUNG UND VERWALTUNG VON INVESTITIONSPLANUNGEN<\/h5><p style=''>Die Finanzierung der Investitionsvorhaben durch nationale und kommunale Ressourcen, stellt in den letzten Jahren einen entscheidenden Parameter f\u00fcr die Entwicklungsstrategie der griechischen Unternehmen dar...<\/p><a itemprop='url' class='icon_with_title_link' href='http:\/\/growthside.gr\/de\/xrimatodotisi\/' target='_self' style='color: #ffffff;'>See More<\/a><\/div><\/div><\/div>[\/vc_column_inner][\/vc_row_inner][\/vc_column][\/vc_row][vc_row row_type=&#8220;parallax&#8220; parallax_content_width=&#8220;in_grid&#8220; text_align=&#8220;left&#8220; full_screen_section_height=&#8220;yes&#8220; vertically_align_content_in_middle=&#8220;yes&#8220; bg_type=&#8220;image&#8220; parallax_style=&#8220;vcpb-vz-jquery&#8220; bg_image_new=&#8220;84|http:\/\/growthside.gr\/wp-content\/uploads\/2016\/06\/oil3.jpg&#8220; bg_image_repeat=&#8220;no-repeat&#8220; css=&#8220;.vc_custom_1467588562691{padding-top: 40px !important;padding-bottom: 20px !important;}&#8220;][vc_column][vc_column_text el_class=&#8220;tolmiste&#8220;]<\/p>\n<h1 style=\"text-align: center;\"><span style=\"color: #ffffff;\">Trauen Sie sich gr\u00f6\u00dfere und aufsteigende M\u00e4rkte zu entdecken!<\/span><\/h1>\n<h3 style=\"text-align: center;\"><span style=\"color: #ffffff;\"><u>VORTEILE DER INTERNATIONALISIERUNG:<\/u><\/span><\/h3>\n<p>[\/vc_column_text][vc_separator type=&#8220;small&#8220; position=&#8220;center&#8220; color=&#8220;#00234d&#8220;][vc_row_inner row_type=&#8220;row&#8220; type=&#8220;full_width&#8220; text_align=&#8220;left&#8220; css_animation=&#8220;&#8220;][vc_column_inner width=&#8220;1\/2&#8243;]<div class=\"qode-animation-holder element_from_fade\"><div class=\"qode-animation-holder-inner\"  style=\"-webkit-animation-delay:s; animation-delay:s; -webkit-transition-delay:s; transition-delay:s\">[vc_column_text]<\/p>\n<ul>\n<li><span style=\"color: #ffffff;\">Zugang zu neuen, gr\u00f6\u00dferen M\u00e4rkten<\/span><\/li>\n<li><span style=\"color: #ffffff;\">Kapital, durch die Teilnahme an internationalen M\u00e4rkten mit h\u00f6heren Gewinnspannen als aus dem nationalen Markt<\/span><\/li>\n<li><span style=\"color: #ffffff;\">Erh\u00f6hung der Wettbewerbsf\u00e4higkeit<\/span><\/li>\n<li><span style=\"color: #ffffff;\">Verbesserung des Images Ihres Unternehmens auf dem nationalen Markt.<\/span><\/li>\n<li><span style=\"color: #ffffff;\">Erstellung von Produkten gem\u00e4\u00df dem Markttrend, Verfolgung des Wettbewerbs mit dem Ziel, neue Produkte \/ Dienstleistungen vorauszusehen, damit Sie st\u00e4ndig Ihr Angebot verbessern k\u00f6nnen<\/span><\/li>\n<\/ul>\n<p>[\/vc_column_text]<\/div><\/div>[\/vc_column_inner][vc_column_inner width=&#8220;1\/2&#8243;]<div class=\"qode-animation-holder element_from_fade\"><div class=\"qode-animation-holder-inner\"  style=\"-webkit-animation-delay:s; animation-delay:s; -webkit-transition-delay:s; transition-delay:s\">[vc_column_text]<\/p>\n<ul>\n<li><span style=\"color: #ffffff;\">Die Entwicklung Ihrer Unternehmensdirektion und -aktivit\u00e4ten, durch das Kennenlernen und die Beobachtung internationaler Unternehmen<\/span><\/li>\n<li><span style=\"color: #ffffff;\">Networking aus der Interaktion zwischen Unternehmen, das zur Vermittlung von Wissen und zur Zusammenarbeit in Forschung und Entwicklung f\u00fchren kann<\/span><\/li>\n<li><span style=\"color: #ffffff;\">Das Erreichen engere Verbindungen mit internationalen Kunden<\/span><\/li>\n<\/ul>\n<p>[\/vc_column_text]<\/div><\/div>[\/vc_column_inner][\/vc_row_inner][\/vc_column][vc_column][\/vc_column][\/vc_row][vc_row row_type=&#8220;row&#8220; use_row_as_full_screen_section=&#8220;no&#8220; type=&#8220;grid&#8220; anchor=&#8220;epikoinonia&#8220; angled_section=&#8220;no&#8220; text_align=&#8220;left&#8220; background_image_as_pattern=&#8220;without_pattern&#8220; css_animation=&#8220;&#8220; css=&#8220;.vc_custom_1469116181972{padding-top: 40px !important;padding-bottom: 20px !important;}&#8220;][vc_column][vc_column_text]<\/p>\n<h1 style=\"text-align: center;\">KONTAKT<\/h1>\n<p>[\/vc_column_text][vc_separator type=&#8220;small&#8220; position=&#8220;center&#8220; color=&#8220;#00234d&#8220;][vc_row_inner row_type=&#8220;row&#8220; type=&#8220;full_width&#8220; text_align=&#8220;left&#8220; css_animation=&#8220;&#8220;][vc_column_inner width=&#8220;1\/2&#8243;]<div class=\"qode-animation-holder element_from_fade\"><div class=\"qode-animation-holder-inner\"  style=\"-webkit-animation-delay:s; animation-delay:s; -webkit-transition-delay:s; transition-delay:s\"><div class='q_icon_with_title very_large normal_icon center'><div class=\"icon_holder \" style=\" \"><span data-icon-type=\"normal\"   style=\"\" class=\"qode_iwt_icon_holder q_font_awsome_icon fa-5x \"><i class=\"qode_icon_font_awesome fa fa-map-marker qode_iwt_icon_element\" style=\"color: #001555;\" ><\/i><\/span><\/div><div class=\"icon_text_holder\" style=\"\"><div class=\"icon_text_inner\" style=\"\"><h5 class=\"icon_title\" style=\"color: #001555;\">5 St. Constantine 18531, Piraeus<\/h5><p style=''><\/p><\/div><\/div><\/div><\/div><\/div><div class=\"qode-animation-holder element_from_fade\"><div class=\"qode-animation-holder-inner\"  style=\"-webkit-animation-delay:s; animation-delay:s; -webkit-transition-delay:s; transition-delay:s\"><div class='q_icon_with_title very_large normal_icon center'><div class=\"icon_holder \" style=\" \"><span data-icon-type=\"normal\"   style=\"\" class=\"qode_iwt_icon_holder q_font_awsome_icon fa-5x \"><i class=\"qode_icon_font_awesome fa fa-phone qode_iwt_icon_element\" style=\"color: #001555;\" ><\/i><\/span><\/div><div class=\"icon_text_holder\" style=\"\"><div class=\"icon_text_inner\" style=\"\"><h5 class=\"icon_title\" style=\"\">+30 210 4528689<\/h5><p style=''><\/p><\/div><\/div><\/div><\/div><\/div><div class=\"qode-animation-holder element_from_fade\"><div class=\"qode-animation-holder-inner\"  style=\"-webkit-animation-delay:s; animation-delay:s; -webkit-transition-delay:s; transition-delay:s\"><div class='q_icon_with_title very_large normal_icon center'><div class=\"icon_holder \" style=\" \"><span data-icon-type=\"normal\"   style=\"\" class=\"qode_iwt_icon_holder q_font_awsome_icon fa-5x \"><i class=\"qode_icon_font_awesome fa fa-at qode_iwt_icon_element\" style=\"color: #001555;\" ><\/i><\/span><\/div><div class=\"icon_text_holder\" style=\"\"><div class=\"icon_text_inner\" style=\"\"><h5 class=\"icon_title\" style=\"\">info@growthside.gr <\/h5><p style=''><\/p><\/div><\/div><\/div><\/div><\/div>[\/vc_column_inner][vc_column_inner width=&#8220;1\/2&#8243;]<div class=\"qode-animation-holder element_from_fade\"><div class=\"qode-animation-holder-inner\"  style=\"-webkit-animation-delay:s; animation-delay:s; -webkit-transition-delay:s; transition-delay:s\">\n<div class=\"wpcf7 no-js\" id=\"wpcf7-f542-o1\" lang=\"el\" dir=\"ltr\">\n<div class=\"screen-reader-response\"><p role=\"status\" aria-live=\"polite\" aria-atomic=\"true\"><\/p> <ul><\/ul><\/div>\n<form action=\"\/de\/wp-json\/wp\/v2\/pages\/402#wpcf7-f542-o1\" method=\"post\" class=\"wpcf7-form init default\" aria-label=\"\u03a6\u03cc\u03c1\u03bc\u03b1 \u03b5\u03c0\u03b9\u03ba\u03bf\u03b9\u03bd\u03c9\u03bd\u03af\u03b1\u03c2\" novalidate=\"novalidate\" data-status=\"init\">\n<div style=\"display: none;\">\n<input type=\"hidden\" name=\"_wpcf7\" value=\"542\" \/>\n<input type=\"hidden\" name=\"_wpcf7_version\" value=\"5.9.8\" \/>\n<input type=\"hidden\" name=\"_wpcf7_locale\" value=\"el\" \/>\n<input type=\"hidden\" name=\"_wpcf7_unit_tag\" value=\"wpcf7-f542-o1\" \/>\n<input type=\"hidden\" name=\"_wpcf7_container_post\" value=\"0\" \/>\n<input type=\"hidden\" name=\"_wpcf7_posted_data_hash\" value=\"\" \/>\n<\/div>\n<p>Ihr Name (erforderlich)\n<\/p>\n<p><span class=\"wpcf7-form-control-wrap\" data-name=\"your-name\"><input size=\"40\" maxlength=\"400\" class=\"wpcf7-form-control wpcf7-text wpcf7-validates-as-required\" aria-required=\"true\" aria-invalid=\"false\" value=\"\" type=\"text\" name=\"your-name\" \/><\/span>\n<\/p>\n<p>Die Ihre E-Mail (erforderlich)\n<\/p>\n<p><span class=\"wpcf7-form-control-wrap\" data-name=\"your-email\"><input size=\"40\" maxlength=\"400\" class=\"wpcf7-form-control wpcf7-email wpcf7-validates-as-required wpcf7-text wpcf7-validates-as-email\" aria-required=\"true\" aria-invalid=\"false\" value=\"\" type=\"email\" name=\"your-email\" \/><\/span>\n<\/p>\n<p>Thema\n<\/p>\n<p><span class=\"wpcf7-form-control-wrap\" data-name=\"your-subject\"><input size=\"40\" maxlength=\"400\" class=\"wpcf7-form-control wpcf7-text\" aria-invalid=\"false\" value=\"\" type=\"text\" name=\"your-subject\" \/><\/span>\n<\/p>\n<p>Anfrage\n<\/p>\n<p><span class=\"wpcf7-form-control-wrap\" data-name=\"your-message\"><textarea cols=\"40\" rows=\"10\" maxlength=\"2000\" class=\"wpcf7-form-control wpcf7-textarea\" aria-invalid=\"false\" name=\"your-message\"><\/textarea><\/span>\n<\/p>\n<p><input class=\"wpcf7-form-control wpcf7-submit has-spinner\" type=\"submit\" value=\"SENDEN\" \/>\n<\/p><div class=\"wpcf7-response-output\" aria-hidden=\"true\"><\/div>\n<\/form>\n<\/div>\n<\/div><\/div>[\/vc_column_inner][\/vc_row_inner][\/vc_column][\/vc_row]<\/p>\n","protected":false},"excerpt":{"rendered":"<p>[vc_row row_type=&#8220;row&#8220; use_row_as_full_screen_section=&#8220;no&#8220; type=&#8220;grid&#8220; anchor=&#8220;etaireia&#8220; angled_section=&#8220;no&#8220; text_align=&#8220;left&#8220; background_image_as_pattern=&#8220;without_pattern&#8220; css_animation=&#8220;&#8220; css=&#8220;.vc_custom_1469052240076{padding-top: 40px !important;padding-bottom: 20px !important;}&#8220;][vc_column][vc_column_text] DAS UNTERNEHMEN [\/vc_column_text][vc_separator type=&#8220;small&#8220; position=&#8220;center&#8220; color=&#8220;#00234d&#8220;][vc_row_inner row_type=&#8220;row&#8220; type=&#8220;full_width&#8220; text_align=&#8220;left&#8220; css_animation=&#8220;&#8220;][vc_column_inner width=&#8220;1\/3&#8243;][\/vc_column_inner][vc_column_inner width=&#8220;1\/3&#8243;][\/vc_column_inner][vc_column_inner width=&#8220;1\/3&#8243;][\/vc_column_inner][\/vc_row_inner][vc_row_inner row_type=&#8220;row&#8220; type=&#8220;full_width&#8220; text_align=&#8220;left&#8220; css_animation=&#8220;&#8220;][vc_column_inner][\/vc_column_inner][\/vc_row_inner][\/vc_column][\/vc_row][vc_row row_type=&#8220;row&#8220; use_row_as_full_screen_section=&#8220;no&#8220; type=&#8220;grid&#8220; anchor=&#8220;ipiresies&#8220; angled_section=&#8220;no&#8220; text_align=&#8220;left&#8220; background_image_as_pattern=&#8220;without_pattern&#8220; css_animation=&#8220;&#8220; css=&#8220;.vc_custom_1469052276096{padding-top: 40px !important;padding-bottom: 20px !important;background-color: #ffffff&#8230;<\/p>\n","protected":false},"author":3,"featured_media":0,"parent":0,"menu_order":0,"comment_status":"closed","ping_status":"closed","template":"full_width.php","meta":{"om_disable_all_campaigns":false,"inline_featured_image":false,"_monsterinsights_skip_tracking":false,"_monsterinsights_sitenote_active":false,"_monsterinsights_sitenote_note":"","_monsterinsights_sitenote_category":0,"footnotes":""},"aioseo_notices":[],"_links":{"self":[{"href":"https:\/\/www.growthside.gr\/de\/wp-json\/wp\/v2\/pages\/402"}],"collection":[{"href":"https:\/\/www.growthside.gr\/de\/wp-json\/wp\/v2\/pages"}],"about":[{"href":"https:\/\/www.growthside.gr\/de\/wp-json\/wp\/v2\/types\/page"}],"author":[{"embeddable":true,"href":"https:\/\/www.growthside.gr\/de\/wp-json\/wp\/v2\/users\/3"}],"replies":[{"embeddable":true,"href":"https:\/\/www.growthside.gr\/de\/wp-json\/wp\/v2\/comments?post=402"}],"version-history":[{"count":21,"href":"https:\/\/www.growthside.gr\/de\/wp-json\/wp\/v2\/pages\/402\/revisions"}],"predecessor-version":[{"id":405,"href":"https:\/\/www.growthside.gr\/de\/wp-json\/wp\/v2\/pages\/402\/revisions\/405"}],"wp:attachment":[{"href":"https:\/\/www.growthside.gr\/de\/wp-json\/wp\/v2\/media?parent=402"}],"curies":[{"name":"wp","href":"https:\/\/api.w.org\/{rel}","templated":true}]}}