{"id":479,"date":"2016-07-16T16:35:40","date_gmt":"2016-07-16T13:35:40","guid":{"rendered":"http:\/\/growthside.gr\/de\/eksagoges\/"},"modified":"2018-05-07T17:27:30","modified_gmt":"2018-05-07T14:27:30","slug":"exporte","status":"publish","type":"page","link":"https:\/\/www.growthside.gr\/de\/exporte\/","title":{"rendered":"EXPORTE"},"content":{"rendered":"<p>[vc_row row_type=&#8220;row&#8220; use_row_as_full_screen_section=&#8220;no&#8220; type=&#8220;full_width&#8220; angled_section=&#8220;no&#8220; text_align=&#8220;left&#8220; background_image_as_pattern=&#8220;without_pattern&#8220; css_animation=&#8220;&#8220; css=&#8220;.vc_custom_1469124365869{padding-bottom: 20px !important;}&#8220;][vc_column][vc_column_text]F\u00fcr alle modernen Unternehmen ist die Exportorientierung auf internationalen M\u00e4rkten von wesentlicher Bedeutung. Besonders wichtig ist sie f\u00fcr griechische Unternehmen, die in Opposition zu der wachsenden Nachfrage an griechischen Produkten im Ausland, starken Nachhaltigkeitsproblemen auf dem nationalen Markt haben. Allerdings ist der Export nicht mit einem Sprint, sondern mit einem Marathon zu vergleichen. Es werden Ausdauer, kontinuierliche Bem\u00fchung und die Einhaltung aller notwendigen Standardisierungs-, Etikettierungs- und Verpackungsverfahre ben\u00f6tigt.<\/p>\n<p>Unser Unternehmen k\u00fcmmert sich um exklusive Vertretung und um die Beratung der Exportorganisation. Wir informieren Sie \u00fcber die geltenden Einfuhrgesetze, die Preise und die lokale B\u00fcrokratie im jeweiligen Land.<\/p>\n<p>Die griechischen Produkte, sowie alle gU und ggA-Produkte aus Griechenland, sind Mehrwertwaren und richten sich an Verbraucher mit hohem Ma\u00df an Ern\u00e4hrungsbewusstsein und mit gesunden Ern\u00e4hrungsentscheidungen.<\/p>\n<p>Erforderlich daf\u00fcr, sind die richtige Vorbereitung, die koordinierte und das gezielte F\u00f6rdern-Vorantreiben der griechischen Produkte sowie der organisierte Handel im Ausland.[\/vc_column_text][\/vc_column][\/vc_row][vc_row row_type=&#8220;row&#8220; use_row_as_full_screen_section=&#8220;no&#8220; type=&#8220;full_width&#8220; angled_section=&#8220;no&#8220; text_align=&#8220;left&#8220; background_image_as_pattern=&#8220;without_pattern&#8220; css_animation=&#8220;&#8220; css=&#8220;.vc_custom_1468684403707{padding-top: 40px !important;padding-bottom: 20px !important;}&#8220;][vc_column width=&#8220;1\/2&#8243;][vc_column_text]<\/p>\n<h2 style=\"text-align: center;\">EXKLUSIVE VERTRETUNG<\/h2>\n<p>Wir \u00fcbernehmen die exklusive Auslandsvertretung Ihrer Produkte und agieren als Warenmarkler.<\/p>\n<p>Verfahren:<\/p>\n<ul>\n<li>Suche nach Entwicklungszielm\u00e4rkten f\u00fcr Ihre Produktgruppe.<\/li>\n<li>Suche nach Kunden &#8211; H\u00e4ndlern auf dem internationalen Markt.\n<ul>\n<li>Direkter Export<\/li>\n<li>Das Erstellen von lokalen Niederlassungen oder Zweigstellen<\/li>\n<li>Export durch Dritte (Handelsvertreter, Gro\u00dfh\u00e4ndler, Vertriebsh\u00e4ndler)<\/li>\n<\/ul>\n<\/li>\n<li>Wettbewerbsstudie (Verbraucherpreise, Handelspreise)<\/li>\n<li>Preiskalkulation der Produkte<\/li>\n<li>Informationen zu Importgesetzen (Zoll, Steuern, erforderliche Zusatzdokumente)<\/li>\n<li>Kommunikation mit potenziellen Kunden und Auskunft \u00fcber die Aktivit\u00e4t Ihres Unternehmens<\/li>\n<li>Durchf\u00fchrung eines pers\u00f6nlichen Besuches beim Kunden f\u00fcr die Realisierung von umfassenden Pr\u00e4sentationen der Exportprodukte<\/li>\n<li>Regelm\u00e4\u00dfiger Versand eines Newsletters<\/li>\n<li>Kundenmanagement, die Versendung von Angeboten und Bestellungen.<\/li>\n<li>St\u00e4ndiger Kontakt zum Kunden, bez\u00fcglich des Produkterhalts, Auskunft \u00fcber Nachfragen von Kunden aus dem Einzelhandel, Zahlungsvereinbarungen<\/li>\n<\/ul>\n<p>[\/vc_column_text][\/vc_column][vc_column width=&#8220;1\/2&#8243;][vc_column_text]<\/p>\n<h2 style=\"text-align: center;\">ORGANISATION DER EXPORTAKTIVITAEN<\/h2>\n<p>Wir \u00fcbernehmen die Organisation der Exportabteilung Ihrer Firma, die Beratung in den Bereichen: Normung, Etikettierung und Verpackung und die Recherche eines Kunden- und Partnernetzwerkes im Ausland.<\/p>\n<p>Verfahren:<\/p>\n<ul>\n<li>Unternehmens-R\u00fcckblick, Festsetzungsm\u00f6glichkeiten<\/li>\n<li>Wettbewerbsstudie (Verbraucherpreise, Handelspreise)<\/li>\n<li>Erstellung eines Wettbewerbsbildes sowie einer Produktidentit\u00e4t (Unternehmens-Identit\u00e4t, Verpackung, Etikettierung etc.)<\/li>\n<li>Preiskalkulation der Produkte<\/li>\n<li>Import laws information (customs, taxes, necessary accompanying documents).<\/li>\n<li>Suche nach Entwicklungszielm\u00e4rkten f\u00fcr Ihre Produktgruppe<\/li>\n<li>Organisation und Auswahl der Export-Marketing-Methode<\/li>\n<li>Vorbereitung der Exporteure auf Auslandsaktivit\u00e4ten<\/li>\n<li>Vorbereitung und Unterst\u00fctzung der Messe im Ausland und Einladung der Kunden zu einem Besuch auf Ihrem Messestand<\/li>\n<li>Zusammen mit Ihnen ins Ausland reisen f\u00fcr die Organisation und der Teilnahme an Messen<\/li>\n<li>Organisation von B2B-Treffen<\/li>\n<li>Nach der Teilnahme an internationalen Messen: Follow-up und Informationen f\u00fcr potenzielle Kunden, mit dem Ziel einer zuk\u00fcnftigen die Zusammenarbeit<\/li>\n<\/ul>\n<p>[\/vc_column_text][\/vc_column][\/vc_row]<\/p>\n","protected":false},"excerpt":{"rendered":"<p>[vc_row row_type=&#8220;row&#8220; use_row_as_full_screen_section=&#8220;no&#8220; type=&#8220;full_width&#8220; angled_section=&#8220;no&#8220; text_align=&#8220;left&#8220; background_image_as_pattern=&#8220;without_pattern&#8220; css_animation=&#8220;&#8220; css=&#8220;.vc_custom_1469124365869{padding-bottom: 20px !important;}&#8220;][vc_column][vc_column_text]F\u00fcr alle modernen Unternehmen ist die Exportorientierung auf internationalen M\u00e4rkten von wesentlicher Bedeutung. Besonders wichtig ist sie f\u00fcr griechische Unternehmen, die in Opposition zu der wachsenden Nachfrage an griechischen Produkten im Ausland, starken Nachhaltigkeitsproblemen auf&#8230;<\/p>\n","protected":false},"author":3,"featured_media":0,"parent":0,"menu_order":0,"comment_status":"closed","ping_status":"closed","template":"","meta":{"om_disable_all_campaigns":false,"inline_featured_image":false,"_monsterinsights_skip_tracking":false,"_monsterinsights_sitenote_active":false,"_monsterinsights_sitenote_note":"","_monsterinsights_sitenote_category":0,"footnotes":""},"aioseo_notices":[],"_links":{"self":[{"href":"https:\/\/www.growthside.gr\/de\/wp-json\/wp\/v2\/pages\/479"}],"collection":[{"href":"https:\/\/www.growthside.gr\/de\/wp-json\/wp\/v2\/pages"}],"about":[{"href":"https:\/\/www.growthside.gr\/de\/wp-json\/wp\/v2\/types\/page"}],"author":[{"embeddable":true,"href":"https:\/\/www.growthside.gr\/de\/wp-json\/wp\/v2\/users\/3"}],"replies":[{"embeddable":true,"href":"https:\/\/www.growthside.gr\/de\/wp-json\/wp\/v2\/comments?post=479"}],"version-history":[{"count":3,"href":"https:\/\/www.growthside.gr\/de\/wp-json\/wp\/v2\/pages\/479\/revisions"}],"predecessor-version":[{"id":1388,"href":"https:\/\/www.growthside.gr\/de\/wp-json\/wp\/v2\/pages\/479\/revisions\/1388"}],"wp:attachment":[{"href":"https:\/\/www.growthside.gr\/de\/wp-json\/wp\/v2\/media?parent=479"}],"curies":[{"name":"wp","href":"https:\/\/api.w.org\/{rel}","templated":true}]}}