{"id":487,"date":"2016-07-16T19:35:09","date_gmt":"2016-07-16T16:35:09","guid":{"rendered":"http:\/\/growthside.gr\/de\/xrimatodotisi\/"},"modified":"2018-05-07T17:28:44","modified_gmt":"2018-05-07T14:28:44","slug":"investitionsprojekten","status":"publish","type":"page","link":"https:\/\/www.growthside.gr\/de\/investitionsprojekten\/","title":{"rendered":"INVESTITIONS PROJEKTEN"},"content":{"rendered":"<p>[vc_row row_type=&#8220;row&#8220; use_row_as_full_screen_section=&#8220;no&#8220; type=&#8220;full_width&#8220; angled_section=&#8220;no&#8220; text_align=&#8220;left&#8220; background_image_as_pattern=&#8220;without_pattern&#8220; css_animation=&#8220;&#8220;][vc_column]<div class=\"qode-animation-holder element_from_fade\"><div class=\"qode-animation-holder-inner\"  style=\"-webkit-animation-delay:s; animation-delay:s; -webkit-transition-delay:s; transition-delay:s\">[vc_column_text]Die Finanzierung der Investitionsvorhaben durch nationale und kommunale Ressourcen, stellt in den letzten Jahren einen entscheidenden Parameter f\u00fcr die Entwicklungsstrategie der griechischen Unternehmen dar. Priorit\u00e4t hat f\u00fcr uns, die Genehmigung von Investitionsvorschl\u00e4gen und die reibungslose Vollendung von Projekten.<\/p>\n<p>Unser Unternehmen und unsere F\u00fchrungskr\u00e4fte unterst\u00fctzen Ihre unternehmerische Vision mit realistischen Vorschl\u00e4gen und Informationen zu der Teilnahmem\u00f6glichkeit an subventionierten Investitionsprogrammen. Wir stellen F\u00fchrungskr\u00e4fte zur Verf\u00fcgung, die umfangreiche Erfahrung in der Verwendung von Finanzinstrumenten, im Rahmen von nationalen und europ\u00e4ischen Programmen und T\u00e4tigkeiten, vorweisen und gew\u00e4hren Unternehmens-Unterst\u00fctzungsdienstleistungen zur Finanzierung. Diese umfassen:<\/p>\n<ul>\n<li>Evaluierung der Investitionsplanung<\/li>\n<li>Nutzung der besten Finanzierungsquellen<\/li>\n<li>Ausarbeitung einer endg\u00fcltigen Machbarkeitsstudie f\u00fcr alle gef\u00f6rderten Programme<\/li>\n<li>Antragstellung und Abgabe des Teilnameumschlags an die zust\u00e4ndige Stelle<\/li>\n<li>Aufsicht der Projektdurchf\u00fchrung und Unterst\u00fctzung bei der Zusammenstellung zus\u00e4tzlicher Informationen und Dokumente<\/li>\n<li>Ausarbeitung der Zwischen- und Abschlussfortschrittsberichten und der Kontrollforderungen- Kostenbescheinigung<\/li>\n<li>Unterst\u00fctzung der Zuschusszahlung bis hin zur endg\u00fcltigen R\u00fcckzahlung des Projekts<\/li>\n<\/ul>\n<p>[\/vc_column_text]<\/div><\/div>[\/vc_column][\/vc_row]<\/p>\n","protected":false},"excerpt":{"rendered":"<p>[vc_row row_type=&#8220;row&#8220; use_row_as_full_screen_section=&#8220;no&#8220; type=&#8220;full_width&#8220; angled_section=&#8220;no&#8220; text_align=&#8220;left&#8220; background_image_as_pattern=&#8220;without_pattern&#8220; css_animation=&#8220;&#8220;][vc_column][\/vc_column][\/vc_row]<\/p>\n","protected":false},"author":3,"featured_media":0,"parent":0,"menu_order":0,"comment_status":"closed","ping_status":"closed","template":"","meta":{"om_disable_all_campaigns":false,"inline_featured_image":false,"_monsterinsights_skip_tracking":false,"_monsterinsights_sitenote_active":false,"_monsterinsights_sitenote_note":"","_monsterinsights_sitenote_category":0,"footnotes":""},"aioseo_notices":[],"_links":{"self":[{"href":"https:\/\/www.growthside.gr\/de\/wp-json\/wp\/v2\/pages\/487"}],"collection":[{"href":"https:\/\/www.growthside.gr\/de\/wp-json\/wp\/v2\/pages"}],"about":[{"href":"https:\/\/www.growthside.gr\/de\/wp-json\/wp\/v2\/types\/page"}],"author":[{"embeddable":true,"href":"https:\/\/www.growthside.gr\/de\/wp-json\/wp\/v2\/users\/3"}],"replies":[{"embeddable":true,"href":"https:\/\/www.growthside.gr\/de\/wp-json\/wp\/v2\/comments?post=487"}],"version-history":[{"count":3,"href":"https:\/\/www.growthside.gr\/de\/wp-json\/wp\/v2\/pages\/487\/revisions"}],"predecessor-version":[{"id":1389,"href":"https:\/\/www.growthside.gr\/de\/wp-json\/wp\/v2\/pages\/487\/revisions\/1389"}],"wp:attachment":[{"href":"https:\/\/www.growthside.gr\/de\/wp-json\/wp\/v2\/media?parent=487"}],"curies":[{"name":"wp","href":"https:\/\/api.w.org\/{rel}","templated":true}]}}