{"id":916,"date":"2018-04-21T22:14:08","date_gmt":"2018-04-21T20:14:08","guid":{"rendered":"http:\/\/growthside.gr\/de\/etairia\/"},"modified":"2018-05-07T17:16:55","modified_gmt":"2018-05-07T14:16:55","slug":"unternehmen","status":"publish","type":"page","link":"https:\/\/www.growthside.gr\/de\/unternehmen\/","title":{"rendered":"UNTERNEHMEN"},"content":{"rendered":"<p>[vc_row row_type=&#8220;row&#8220; use_row_as_full_screen_section=&#8220;no&#8220; type=&#8220;full_width&#8220; angled_section=&#8220;no&#8220; text_align=&#8220;left&#8220; background_image_as_pattern=&#8220;without_pattern&#8220; css_animation=&#8220;&#8220;][vc_column][vc_single_image image=&#8220;875&#8243; img_size=&#8220;1200X500&#8243; alignment=&#8220;center&#8220; qode_css_animation=&#8220;&#8220;][\/vc_column][\/vc_row][vc_row row_type=&#8220;row&#8220; use_row_as_full_screen_section=&#8220;no&#8220; type=&#8220;full_width&#8220; angled_section=&#8220;no&#8220; text_align=&#8220;left&#8220; background_image_as_pattern=&#8220;without_pattern&#8220; css_animation=&#8220;&#8220;][vc_column][vc_empty_space height=&#8220;64px&#8220;][\/vc_column][\/vc_row][vc_row row_type=&#8220;row&#8220; use_row_as_full_screen_section=&#8220;no&#8220; type=&#8220;full_width&#8220; angled_section=&#8220;no&#8220; text_align=&#8220;left&#8220; background_image_as_pattern=&#8220;without_pattern&#8220; background_color=&#8220;#ffffff&#8220; css_animation=&#8220;element_from_right&#8220; css=&#8220;.vc_custom_1525108738054{background-position: center !important;background-repeat: no-repeat !important;background-size: contain !important;}&#8220;][vc_column][vc_column_text]<\/p>\n<h1 style=\"text-align: center;\"><strong>DAS UNTERNEHMEN<\/strong><\/h1>\n<p>[\/vc_column_text][vc_single_image image=&#8220;1374&#8243; img_size=&#8220;1200\u03a764&#8243; alignment=&#8220;center&#8220; qode_css_animation=&#8220;&#8220; css=&#8220;.vc_custom_1525701295543{background-color: #ffffff !important;}&#8220;][vc_column_text]Das Growth Side ist ein neues Unternehmen mit Sitz in Pir\u00e4us, dem gr\u00f6\u00dften Hafen Griechenlands und einem der gr\u00f6\u00dften in Europa.<\/p>\n<p>Wir spezialisieren uns auf drei Bereiche:<\/p>\n<p><strong>Immobilier\u00a0Maklerlohn<\/strong><\/p>\n<p><strong>Exklusive Vertretung und Warenvermittlung im Ausland<\/strong><\/p>\n<p>Mit Partnern in ganz Griechenland sowie im Ausland und als Mitglied der Panhellenischen Exportverband, beherrschen wir das Know-how f\u00fcr die erfolgreiche Beteiligung griechischer Unternehmen an internationalen M\u00e4rkten. Herausforderungen und Chancen f\u00fcr Exportgesch\u00e4fte nehmen wir gerne an. Wir \u00fcbernehmen die exklusive Auslandsvertretung Ihrer Produkte und bieten Ihnen umfassende Unterst\u00fctzung f\u00fcr die richtige und erfolgreiche Organisation des Exportes Ihres Unternehmens.<\/p>\n<p><strong>Finanzierung und Verwaltung von Investitionsprojekten<\/strong><\/p>\n<p>Wir evaluieren Gesch\u00e4ftsideen, um realistische Umsetzungsvorschl\u00e4ge zusammenzustellen und vor falschen Entscheidungen zu sch\u00fctzen. Wir bieten vollendete L\u00f6sungen f\u00fcr potenzielle Investoren, indem wir Ihnen die M\u00f6glichkeit bieten, an allen Programmen teilzunehmen, welche die erforderlichen Voraussetzungen erf\u00fcllen, genehmigt zu werden. Im Rahmen subventionierter Programmen arbeiten wir Finanzstudien f\u00fcr Unternehmer aus, die in ihre Unternehmen investieren wollen, indem sie ihre Vorteile maximieren, sowie f\u00fcr junge Unternehmern, die eine Finanzierung und beratende Unterst\u00fctzung ben\u00f6tigen, um ihr eigenes Unternehmen zu gr\u00fcnden.<\/p>\n<p><!--more-->[\/vc_column_text][\/vc_column][\/vc_row][vc_row row_type=&#8220;row&#8220; use_row_as_full_screen_section=&#8220;no&#8220; type=&#8220;full_width&#8220; angled_section=&#8220;no&#8220; text_align=&#8220;left&#8220; background_image_as_pattern=&#8220;without_pattern&#8220; css_animation=&#8220;&#8220;][vc_column]<div class='qode-expanding-images'><div class='qode-expanding-images-inner'><img class='qode-frame-image' src='https:\/\/www.growthside.gr\/wp-content\/themes\/bridge\/css\/img\/expanding_images_laptop.png' alt='laptop frame' \/><div class='qode-hero-image'><img class='qode-frame-image qode-lazy-image' src='#' alt='hero image' data-image='https:\/\/www.growthside.gr\/wp-content\/uploads\/2018\/04\/jesus-kiteque-224069-unsplash.jpg' data-lazy='true' \/><\/div><\/div><div class='qode-side-images'><div data-bottom = 'transform:translate3d(70%,25%,0)' data--150-bottom = 'transform:translate3d(0,0,0)' class='qode-side-image qode-side-image-1 qode-lazy-image qode-side-image-inner' data-image=https:\/\/www.growthside.gr\/wp-content\/uploads\/2018\/04\/chuttersnap-368037-unsplash.jpg data-lazy='true' ><\/div><div data-100-bottom = 'transform:translate3d(70%,-25%,0)' data--50-bottom = 'transform:translate3d(0,0,0)' class='qode-side-image qode-side-image-2 qode-lazy-image qode-side-image-inner' data-image=https:\/\/www.growthside.gr\/wp-content\/uploads\/2018\/05\/oils.jpg data-lazy='true' ><\/div><div data-bottom = 'transform:translate3d(-70%,25%,0)' data--150-bottom = 'transform:translate3d(0,0,0)' class='qode-side-image qode-side-image-3 qode-lazy-image qode-side-image-inner' data-image=https:\/\/www.growthside.gr\/wp-content\/uploads\/2018\/05\/HD-free-download-santorini-background.jpg data-lazy='true' ><\/div><div data-100-bottom = 'transform:translate3d(-70%,-25%,0)' data--50-bottom = 'transform:translate3d(0,0,0)' class='qode-side-image qode-side-image-4 qode-lazy-image qode-side-image-inner' data-image=https:\/\/www.growthside.gr\/wp-content\/uploads\/2018\/05\/1078456347.jpg data-lazy='true' ><\/div><div data-bottom = 'transform:translate3d(180%,35%,0)' data--150-bottom = 'transform:translate3d(0,0,0)' class='qode-side-image qode-side-image-5 qode-lazy-image qode-side-image-outer' data-image=https:\/\/www.growthside.gr\/wp-content\/uploads\/2018\/05\/boxes-on-hand-pallet-truck-11207372.jpg data-lazy='true' ><\/div><div data-100-bottom = 'transform:translate3d(180%,-35%,0)' data--50-bottom = 'transform:translate3d(0,0,0)' class='qode-side-image qode-side-image-6 qode-lazy-image qode-side-image-outer' data-image=https:\/\/www.growthside.gr\/wp-content\/uploads\/2018\/05\/IMG_4456_6-2860.jpg data-lazy='true' ><\/div><div data-bottom = 'transform:translate3d(-180%,25%,0)' data--150-bottom = 'transform:translate3d(0,0,0)' class='qode-side-image qode-side-image-7 qode-lazy-image qode-side-image-outer' data-image=https:\/\/www.growthside.gr\/wp-content\/uploads\/2018\/05\/mykon.jpg data-lazy='true' ><\/div><div data-100-bottom = 'transform:translate3d(-180%,-25%,0)' data--50-bottom = 'transform:translate3d(0,0,0)' class='qode-side-image qode-side-image-8 qode-lazy-image qode-side-image-outer' data-image=https:\/\/www.growthside.gr\/wp-content\/uploads\/2018\/05\/hotel-sign.jpg data-lazy='true' ><\/div><\/div><\/div>[\/vc_column][\/vc_row]<\/p>\n","protected":false},"excerpt":{"rendered":"<p>[vc_row row_type=&#8220;row&#8220; use_row_as_full_screen_section=&#8220;no&#8220; type=&#8220;full_width&#8220; angled_section=&#8220;no&#8220; text_align=&#8220;left&#8220; background_image_as_pattern=&#8220;without_pattern&#8220; css_animation=&#8220;&#8220;][vc_column][vc_single_image image=&#8220;875&#8243; img_size=&#8220;1200X500&#8243; alignment=&#8220;center&#8220; qode_css_animation=&#8220;&#8220;][\/vc_column][\/vc_row][vc_row row_type=&#8220;row&#8220; use_row_as_full_screen_section=&#8220;no&#8220; type=&#8220;full_width&#8220; angled_section=&#8220;no&#8220; text_align=&#8220;left&#8220; background_image_as_pattern=&#8220;without_pattern&#8220; css_animation=&#8220;&#8220;][vc_column][vc_empty_space height=&#8220;64px&#8220;][\/vc_column][\/vc_row][vc_row row_type=&#8220;row&#8220; use_row_as_full_screen_section=&#8220;no&#8220; type=&#8220;full_width&#8220; angled_section=&#8220;no&#8220; text_align=&#8220;left&#8220; background_image_as_pattern=&#8220;without_pattern&#8220; background_color=&#8220;#ffffff&#8220; css_animation=&#8220;element_from_right&#8220; css=&#8220;.vc_custom_1525108738054{background-position: center !important;background-repeat: no-repeat !important;background-size: contain !important;}&#8220;][vc_column][vc_column_text] DAS UNTERNEHMEN [\/vc_column_text][vc_single_image image=&#8220;1374&#8243; img_size=&#8220;1200\u03a764&#8243; alignment=&#8220;center&#8220; qode_css_animation=&#8220;&#8220; css=&#8220;.vc_custom_1525701295543{background-color: #ffffff !important;}&#8220;][vc_column_text]Das&#8230;<\/p>\n","protected":false},"author":4,"featured_media":0,"parent":0,"menu_order":0,"comment_status":"closed","ping_status":"closed","template":"","meta":{"om_disable_all_campaigns":false,"inline_featured_image":false,"_monsterinsights_skip_tracking":false,"_monsterinsights_sitenote_active":false,"_monsterinsights_sitenote_note":"","_monsterinsights_sitenote_category":0,"footnotes":""},"aioseo_notices":[],"_links":{"self":[{"href":"https:\/\/www.growthside.gr\/de\/wp-json\/wp\/v2\/pages\/916"}],"collection":[{"href":"https:\/\/www.growthside.gr\/de\/wp-json\/wp\/v2\/pages"}],"about":[{"href":"https:\/\/www.growthside.gr\/de\/wp-json\/wp\/v2\/types\/page"}],"author":[{"embeddable":true,"href":"https:\/\/www.growthside.gr\/de\/wp-json\/wp\/v2\/users\/4"}],"replies":[{"embeddable":true,"href":"https:\/\/www.growthside.gr\/de\/wp-json\/wp\/v2\/comments?post=916"}],"version-history":[{"count":11,"href":"https:\/\/www.growthside.gr\/de\/wp-json\/wp\/v2\/pages\/916\/revisions"}],"predecessor-version":[{"id":1383,"href":"https:\/\/www.growthside.gr\/de\/wp-json\/wp\/v2\/pages\/916\/revisions\/1383"}],"wp:attachment":[{"href":"https:\/\/www.growthside.gr\/de\/wp-json\/wp\/v2\/media?parent=916"}],"curies":[{"name":"wp","href":"https:\/\/api.w.org\/{rel}","templated":true}]}}