{"id":431,"date":"2016-12-18T23:06:17","date_gmt":"2016-12-18T21:06:17","guid":{"rendered":"http:\/\/growthside.gr\/nb\/?page_id=431"},"modified":"2023-05-31T16:35:15","modified_gmt":"2023-05-31T13:35:15","slug":"hjem","status":"publish","type":"page","link":"https:\/\/www.growthside.gr\/nb\/hjem\/","title":{"rendered":"\u0391\u03a1\u03a7\u0399\u039a\u0397"},"content":{"rendered":"<p>[vc_row row_type=&raquo;row&raquo; use_row_as_full_screen_section=&raquo;no&raquo; type=&raquo;grid&raquo; anchor=&raquo;etaireia&raquo; angled_section=&raquo;no&raquo; text_align=&raquo;left&raquo; background_image_as_pattern=&raquo;without_pattern&raquo; css_animation=&raquo;&raquo; css=&raquo;.vc_custom_1469052240076{padding-top: 40px !important;padding-bottom: 20px !important;}&raquo;][vc_column][vc_column_text]<\/p>\n<h1 style=\"text-align: center;\">SELSKAPET<\/h1>\n<p>[\/vc_column_text][vc_separator type=&raquo;small&raquo; position=&raquo;center&raquo; color=&raquo;#00234d&raquo;][vc_row_inner row_type=&raquo;row&raquo; type=&raquo;full_width&raquo; text_align=&raquo;left&raquo; css_animation=&raquo;&raquo;][vc_column_inner width=&raquo;1\/3&#8243;]<div class='q_icon_with_title very_large custom_icon_image center'><div class=\"icon_holder \" style=\" \"><img decoding=\"async\" itemprop=\"image\" style=\"\" src=\"https:\/\/www.growthside.gr\/wp-content\/uploads\/2016\/06\/logo-2.png\" alt=\"\"><\/div><div class=\"icon_text_holder\" style=\"\"><div class=\"icon_text_inner\" style=\"\"><h5 class=\"icon_title\" style=\"\">FELLES AMBISJON<\/h5><p style=''>Vi deler ditt syn, vekstambisjonen for din bedrift og fungere som om det er v\u00e5r egen virksomhet. Det viktigste for oss er \u00e5 lykkes. Sammen.<\/p><\/div><\/div><\/div>[\/vc_column_inner][vc_column_inner width=&raquo;1\/3&#8243;]<div class='q_icon_with_title very_large custom_icon_image center'><div class=\"icon_holder \" style=\" \"><img decoding=\"async\" itemprop=\"image\" style=\"\" src=\"https:\/\/www.growthside.gr\/wp-content\/uploads\/2016\/06\/logo-3.png\" alt=\"\"><\/div><div class=\"icon_text_holder\" style=\"\"><div class=\"icon_text_inner\" style=\"\"><h5 class=\"icon_title\" style=\"\">KOBLE<\/h5><p style=''>Vi finner verdien utenfor v\u00e5re grenser, vi utvikler ideer hvordan gjennomf\u00f8re, aktivere og koble``teamet`` kunde \u2013 leverand\u00f8r.<\/p><\/div><\/div><\/div>[\/vc_column_inner][vc_column_inner width=&raquo;1\/3&#8243;]<div class='q_icon_with_title very_large custom_icon_image center'><div class=\"icon_holder \" style=\" \"><img decoding=\"async\" itemprop=\"image\" style=\"\" src=\"https:\/\/www.growthside.gr\/wp-content\/uploads\/2016\/06\/logo-1.png\" alt=\"\"><\/div><div class=\"icon_text_holder\" style=\"\"><div class=\"icon_text_inner\" style=\"\"><h5 class=\"icon_title\" style=\"\">G\u00c5 LENGER<\/h5><p style=''>Vi er opptatt av suksess. Vi fortsetter realiseringen av v\u00e5re m\u00e5l ved \u00e5 gj\u00f8re det beste for v\u00e5re kunder, v\u00e5re ansatte, lokalsamfunnet som vi tilh\u00f8rer. Vi fokuserer og st\u00f8tter utviklingen av en bedrift.<\/p><\/div><\/div><\/div>[\/vc_column_inner][\/vc_row_inner][vc_row_inner row_type=&raquo;row&raquo; type=&raquo;full_width&raquo; text_align=&raquo;left&raquo; css_animation=&raquo;&raquo;][vc_column_inner]<div class=\"qode-animation-holder element_from_fade\"><div class=\"qode-animation-holder-inner\"  style=\"-webkit-animation-delay:s; animation-delay:s; -webkit-transition-delay:s; transition-delay:s\">[vc_column_text]Growth Side er et nytt selskap basert i Piraeus, den st\u00f8rste havnen i Hellas og en av de st\u00f8rste i Europa.<\/p>\n<p>Vi er spesialister p\u00e5 to omr\u00e5der:<\/p>\n<ul>\n<li>eksklusiv representasjon og formidling av varer i utlandet eller i r\u00e5dgivning og organisering av eksportorientering, tar sikte p\u00e5 \u00e5 styrke utadvendthet av greske bedrifter.<\/li>\n<li>finansiering og styring av investeringsprosjekter.<\/li>\n<\/ul>\n<p>Med partnere i hele Hellas og i utlandet, medlem av Panhellenic Exporters Association, har vi kunnskapene slik at greske selskaper kan lykkes og f\u00e5 tilgang til internasjonale markeder og m\u00f8te utfordringer og muligheter for eksport. Vi p\u00e5tar eksklusiv representasjon av produkter i \u00f8nsket land eller vi gir omfattende st\u00f8tte til \u00e5 organisere ordentlig og vellykket eksport av din bedrift.<br \/>\nVi evaluerer forretningsideer for \u00e5 lage realistiske gjennomf\u00f8ringsforslag og beskytte mot feile valg. Vi tilbyr integrerte l\u00f8sninger til potensielle investorer ved \u00e5 sette dem i stand til \u00e5 delta i alle programmer hvor de oppfyller de n\u00f8dvendige vilk\u00e5r for \u00e5 bli akseptert. Vi forbereder \u201dbussines plan\u201d innen subsidierte programmer for forretningsmenn som \u00f8nsker \u00e5 investere mer i sine virksomheter, maksimere sine fordeler og for nye forretningsmenn som trenger finansiering og r\u00e5dgivende st\u00f8tte til \u00e5 starte sin bedrift.[\/vc_column_text]<\/div><\/div>[\/vc_column_inner][\/vc_row_inner][\/vc_column][\/vc_row][vc_row row_type=&raquo;row&raquo; use_row_as_full_screen_section=&raquo;no&raquo; type=&raquo;grid&raquo; anchor=&raquo;ipiresies&raquo; angled_section=&raquo;no&raquo; text_align=&raquo;left&raquo; background_image_as_pattern=&raquo;without_pattern&raquo; css_animation=&raquo;&raquo; css=&raquo;.vc_custom_1469052276096{padding-top: 40px !important;padding-bottom: 20px !important;background-color: #ffffff !important;}&raquo;][vc_column][vc_column_text]<\/p>\n<h1 style=\"text-align: center;\">TJENESTER<\/h1>\n<p>[\/vc_column_text][vc_separator type=&raquo;small&raquo; position=&raquo;center&raquo; color=&raquo;#00234d&raquo;][vc_row_inner row_type=&raquo;row&raquo; type=&raquo;full_width&raquo; text_align=&raquo;left&raquo; css_animation=&raquo;&raquo; css=&raquo;.vc_custom_1467480045967{padding-top: 40px !important;padding-bottom: 40px !important;}&raquo;][vc_column_inner width=&raquo;1\/2&#8243;]<div class='q_icon_with_title very_large custom_icon_image center'><div class=\"icon_holder \" style=\" \"><img decoding=\"async\" itemprop=\"image\" style=\"\" src=\"https:\/\/www.growthside.gr\/wp-content\/uploads\/2016\/06\/exports_210.png\" alt=\"\"><\/div><div class=\"icon_text_holder\" style=\"\"><div class=\"icon_text_inner\" style=\"\"><h5 class=\"icon_title\" style=\"\">EKSPORT<\/h5><p style=''>Orienteringen om internasjonale markeder for eksport er viktig for alle moderne bedrifter, spesielt for greske selskaper som har problemer med \u00e5 overleve i det innenlandske markedet i motsetning til den \u00f8kende ettersp\u00f8rselen etter greske produkter i utlandet.<\/p><a itemprop='url' class='icon_with_title_link' href='http:\/\/growthside.gr\/nb\/eksport\/' target='_self' style='color: #ffffff;'>Vis Mer<\/a><\/div><\/div><\/div>[\/vc_column_inner][vc_column_inner width=&raquo;1\/2&#8243;]<div class='q_icon_with_title very_large custom_icon_image center'><div class=\"icon_holder \" style=\" \"><img decoding=\"async\" itemprop=\"image\" style=\"\" src=\"https:\/\/www.growthside.gr\/wp-content\/uploads\/2016\/06\/xrimatodotisi_210.png\" alt=\"\"><\/div><div class=\"icon_text_holder\" style=\"\"><div class=\"icon_text_inner\" style=\"\"><h5 class=\"icon_title\" style=\"\">FINANSIERING OG STYRING AV INVESTERINGSPROSJEKTER <\/h5><p style=''>Finansieringen av investeringsprosjekter, gjennom nasjonal og EU ressurser, er de siste \u00e5rene for en hver gresk virksomhet, et viktig parameter for utvikling av strategi. <\/p><a itemprop='url' class='icon_with_title_link' href='http:\/\/growthside.gr\/nb\/finansiering-og-styring-av-investeringsprosjekter\/' target='_self' style='color: #ffffff;'>Vis Mer<\/a><\/div><\/div><\/div>[\/vc_column_inner][\/vc_row_inner][\/vc_column][\/vc_row][vc_row row_type=&raquo;parallax&raquo; parallax_content_width=&raquo;in_grid&raquo; text_align=&raquo;left&raquo; full_screen_section_height=&raquo;yes&raquo; vertically_align_content_in_middle=&raquo;yes&raquo; bg_type=&raquo;image&raquo; parallax_style=&raquo;vcpb-vz-jquery&raquo; bg_image_new=&raquo;84|http:\/\/growthside.gr\/wp-content\/uploads\/2016\/06\/oil3.jpg&raquo; bg_image_repeat=&raquo;no-repeat&raquo; css=&raquo;.vc_custom_1467588562691{padding-top: 40px !important;padding-bottom: 20px !important;}&raquo;][vc_column][vc_column_text el_class=&raquo;tolmiste&raquo;]<\/p>\n<h1 style=\"text-align: center;\"><span style=\"color: #ffffff;\">V\u00e5g \u00e5 oppdage st\u00f8rre og \u00f8kende markeder!<\/span><\/h1>\n<h3 style=\"text-align: center;\"><span style=\"color: #ffffff;\"><u>FORDELER MED INTERNASJONALISERING:<\/u><\/span><\/h3>\n<p>[\/vc_column_text][vc_separator type=&raquo;small&raquo; position=&raquo;center&raquo; color=&raquo;#00234d&raquo;][vc_row_inner row_type=&raquo;row&raquo; type=&raquo;full_width&raquo; text_align=&raquo;left&raquo; css_animation=&raquo;&raquo;][vc_column_inner width=&raquo;1\/2&#8243;]<div class=\"qode-animation-holder element_from_fade\"><div class=\"qode-animation-holder-inner\"  style=\"-webkit-animation-delay:s; animation-delay:s; -webkit-transition-delay:s; transition-delay:s\">[vc_column_text]<\/p>\n<ul>\n<li><span style=\"color: #ffffff;\">Tilgang til nye, st\u00f8rre markeder.<\/span><\/li>\n<li><span style=\"color: #ffffff;\">Inntekter som kommer fra utenlandske markeder med h\u00f8yere fortjenestemarginer enn det innenlandske markedet.<\/span><\/li>\n<li><span style=\"color: #ffffff;\">\u00d8kt konkurranseevne.<\/span><\/li>\n<li><span style=\"color: #ffffff;\">Forbedre bildet av virksomheten din i ditt innenlandske marked.<\/span><\/li>\n<li><span style=\"color: #ffffff;\">Utvilke produkter basert p\u00e5 markedstrender, overv\u00e5ke konkurrentene med siktem\u00e5l nye produkter \/ tjenester og dermed kontinuerlig forbedre tilbudet.<\/span><\/li>\n<\/ul>\n<p>[\/vc_column_text]<\/div><\/div>[\/vc_column_inner][vc_column_inner width=&raquo;1\/2&#8243;]<div class=\"qode-animation-holder element_from_fade\"><div class=\"qode-animation-holder-inner\"  style=\"-webkit-animation-delay:s; animation-delay:s; -webkit-transition-delay:s; transition-delay:s\">[vc_column_text]<\/p>\n<ul>\n<li><span style=\"color: #ffffff;\">Utvikle administrasjon av ditt selskap og dets aktiviteter gjennom bekjentskap og observasjon av utenlandske selskaper.<\/span><\/li>\n<li><span style=\"color: #ffffff;\">Nettverking som kommer fra samspillet mellom bedrifter, noe som kan f\u00f8re til overf\u00f8ring av kunnskap og samarbeid i forskning og utvikling.<\/span><\/li>\n<li><span style=\"color: #ffffff;\">Oppn\u00e5 tettere forhold med utenlandske kunder.<\/span><\/li>\n<\/ul>\n<p>[\/vc_column_text]<\/div><\/div>[\/vc_column_inner][\/vc_row_inner][\/vc_column][\/vc_row][vc_row row_type=&raquo;row&raquo; use_row_as_full_screen_section=&raquo;no&raquo; type=&raquo;grid&raquo; anchor=&raquo;epikoinonia&raquo; angled_section=&raquo;no&raquo; text_align=&raquo;left&raquo; background_image_as_pattern=&raquo;without_pattern&raquo; css_animation=&raquo;&raquo; css=&raquo;.vc_custom_1469116181972{padding-top: 40px !important;padding-bottom: 20px !important;}&raquo;][vc_column][vc_column_text]<\/p>\n<h1 style=\"text-align: center;\"><span id=\"result_box\" class=\"short_text\" lang=\"no\"><span class=\"\">KONTAKT<\/span><\/span><\/h1>\n<p>[\/vc_column_text][vc_separator type=&raquo;small&raquo; position=&raquo;center&raquo; color=&raquo;#00234d&raquo;][vc_row_inner row_type=&raquo;row&raquo; type=&raquo;full_width&raquo; text_align=&raquo;left&raquo; css_animation=&raquo;&raquo;][vc_column_inner width=&raquo;1\/2&#8243;]<div class=\"qode-animation-holder element_from_fade\"><div class=\"qode-animation-holder-inner\"  style=\"-webkit-animation-delay:s; animation-delay:s; -webkit-transition-delay:s; transition-delay:s\"><div class='q_icon_with_title very_large normal_icon center'><div class=\"icon_holder \" style=\" \"><span data-icon-type=\"normal\"   style=\"\" class=\"qode_iwt_icon_holder q_font_awsome_icon fa-5x \"><i class=\"qode_icon_font_awesome fa fa-map-marker qode_iwt_icon_element\" style=\"color: #001555;\" ><\/i><\/span><\/div><div class=\"icon_text_holder\" style=\"\"><div class=\"icon_text_inner\" style=\"\"><h5 class=\"icon_title\" style=\"color: #001555;\">5 St. Constantine 18531, Piraeus<\/h5><p style=''><\/p><\/div><\/div><\/div><\/div><\/div><div class=\"qode-animation-holder element_from_fade\"><div class=\"qode-animation-holder-inner\"  style=\"-webkit-animation-delay:s; animation-delay:s; -webkit-transition-delay:s; transition-delay:s\"><div class='q_icon_with_title very_large normal_icon center'><div class=\"icon_holder \" style=\" \"><span data-icon-type=\"normal\"   style=\"\" class=\"qode_iwt_icon_holder q_font_awsome_icon fa-5x \"><i class=\"qode_icon_font_awesome fa fa-phone qode_iwt_icon_element\" style=\"color: #001555;\" ><\/i><\/span><\/div><div class=\"icon_text_holder\" style=\"\"><div class=\"icon_text_inner\" style=\"\"><h5 class=\"icon_title\" style=\"\">+30 211 1827002<\/h5><p style=''><\/p><\/div><\/div><\/div><\/div><\/div><div class=\"qode-animation-holder element_from_fade\"><div class=\"qode-animation-holder-inner\"  style=\"-webkit-animation-delay:s; animation-delay:s; -webkit-transition-delay:s; transition-delay:s\"><div class='q_icon_with_title very_large normal_icon center'><div class=\"icon_holder \" style=\" \"><span data-icon-type=\"normal\"   style=\"\" class=\"qode_iwt_icon_holder q_font_awsome_icon fa-5x \"><i class=\"qode_icon_font_awesome fa fa-at qode_iwt_icon_element\" style=\"color: #001555;\" ><\/i><\/span><\/div><div class=\"icon_text_holder\" style=\"\"><div class=\"icon_text_inner\" style=\"\"><h5 class=\"icon_title\" style=\"\">info@growthside.gr <\/h5><p style=''><\/p><\/div><\/div><\/div><\/div><\/div>[\/vc_column_inner][vc_column_inner width=&raquo;1\/2&#8243;]<div class=\"qode-animation-holder element_from_fade\"><div class=\"qode-animation-holder-inner\"  style=\"-webkit-animation-delay:s; animation-delay:s; -webkit-transition-delay:s; transition-delay:s\">\n<div class=\"wpcf7 no-js\" id=\"wpcf7-f441-o1\" lang=\"el\" dir=\"ltr\">\n<div class=\"screen-reader-response\"><p role=\"status\" aria-live=\"polite\" aria-atomic=\"true\"><\/p> <ul><\/ul><\/div>\n<form action=\"\/nb\/wp-json\/wp\/v2\/pages\/431#wpcf7-f441-o1\" method=\"post\" class=\"wpcf7-form init default\" aria-label=\"\u03a6\u03cc\u03c1\u03bc\u03b1 \u03b5\u03c0\u03b9\u03ba\u03bf\u03b9\u03bd\u03c9\u03bd\u03af\u03b1\u03c2\" novalidate=\"novalidate\" data-status=\"init\">\n<div style=\"display: none;\">\n<input type=\"hidden\" name=\"_wpcf7\" value=\"441\" \/>\n<input type=\"hidden\" name=\"_wpcf7_version\" value=\"5.9.8\" \/>\n<input type=\"hidden\" name=\"_wpcf7_locale\" value=\"el\" \/>\n<input type=\"hidden\" name=\"_wpcf7_unit_tag\" value=\"wpcf7-f441-o1\" \/>\n<input type=\"hidden\" name=\"_wpcf7_container_post\" value=\"0\" \/>\n<input type=\"hidden\" name=\"_wpcf7_posted_data_hash\" value=\"\" \/>\n<\/div>\n<p>Ditt navn (p\u00e5krevd)\n<\/p>\n<p><span class=\"wpcf7-form-control-wrap\" data-name=\"your-name\"><input size=\"40\" maxlength=\"400\" class=\"wpcf7-form-control wpcf7-text wpcf7-validates-as-required\" aria-required=\"true\" aria-invalid=\"false\" value=\"\" type=\"text\" name=\"your-name\" \/><\/span>\n<\/p>\n<p>Den Din e-post (p\u00e5krevd)\n<\/p>\n<p><span class=\"wpcf7-form-control-wrap\" data-name=\"your-email\"><input size=\"40\" maxlength=\"400\" class=\"wpcf7-form-control wpcf7-email wpcf7-validates-as-required wpcf7-text wpcf7-validates-as-email\" aria-required=\"true\" aria-invalid=\"false\" value=\"\" type=\"email\" name=\"your-email\" \/><\/span>\n<\/p>\n<p>Tema\n<\/p>\n<p><span class=\"wpcf7-form-control-wrap\" data-name=\"your-subject\"><input size=\"40\" maxlength=\"400\" class=\"wpcf7-form-control wpcf7-text\" aria-invalid=\"false\" value=\"\" type=\"text\" name=\"your-subject\" \/><\/span>\n<\/p>\n<p>Inquiry\n<\/p>\n<p><span class=\"wpcf7-form-control-wrap\" data-name=\"your-message\"><textarea cols=\"40\" rows=\"10\" maxlength=\"2000\" class=\"wpcf7-form-control wpcf7-textarea\" aria-invalid=\"false\" name=\"your-message\"><\/textarea><\/span>\n<\/p>\n<p><input class=\"wpcf7-form-control wpcf7-submit has-spinner\" type=\"submit\" value=\"SENDE\" \/>\n<\/p><div class=\"wpcf7-response-output\" aria-hidden=\"true\"><\/div>\n<\/form>\n<\/div>\n<\/div><\/div>[\/vc_column_inner][\/vc_row_inner][\/vc_column][\/vc_row]<\/p>\n","protected":false},"excerpt":{"rendered":"<p>[vc_row row_type=&raquo;row&raquo; use_row_as_full_screen_section=&raquo;no&raquo; type=&raquo;grid&raquo; anchor=&raquo;etaireia&raquo; angled_section=&raquo;no&raquo; text_align=&raquo;left&raquo; background_image_as_pattern=&raquo;without_pattern&raquo; css_animation=&raquo;&raquo; css=&raquo;.vc_custom_1469052240076{padding-top: 40px !important;padding-bottom: 20px !important;}&raquo;][vc_column][vc_column_text] SELSKAPET [\/vc_column_text][vc_separator type=&raquo;small&raquo; position=&raquo;center&raquo; color=&raquo;#00234d&raquo;][vc_row_inner row_type=&raquo;row&raquo; type=&raquo;full_width&raquo; text_align=&raquo;left&raquo; css_animation=&raquo;&raquo;][vc_column_inner width=&raquo;1\/3&#8243;][\/vc_column_inner][vc_column_inner width=&raquo;1\/3&#8243;][\/vc_column_inner][vc_column_inner width=&raquo;1\/3&#8243;][\/vc_column_inner][\/vc_row_inner][vc_row_inner row_type=&raquo;row&raquo; type=&raquo;full_width&raquo; text_align=&raquo;left&raquo; css_animation=&raquo;&raquo;][vc_column_inner][\/vc_column_inner][\/vc_row_inner][\/vc_column][\/vc_row][vc_row row_type=&raquo;row&raquo; use_row_as_full_screen_section=&raquo;no&raquo; type=&raquo;grid&raquo; anchor=&raquo;ipiresies&raquo; angled_section=&raquo;no&raquo; text_align=&raquo;left&raquo; background_image_as_pattern=&raquo;without_pattern&raquo; css_animation=&raquo;&raquo; css=&raquo;.vc_custom_1469052276096{padding-top: 40px !important;padding-bottom: 20px !important;background-color: #ffffff !important;}&raquo;][vc_column][vc_column_text]&#8230;<\/p>\n","protected":false},"author":3,"featured_media":0,"parent":0,"menu_order":0,"comment_status":"closed","ping_status":"closed","template":"full_width.php","meta":{"om_disable_all_campaigns":false,"inline_featured_image":false,"_monsterinsights_skip_tracking":false,"_monsterinsights_sitenote_active":false,"_monsterinsights_sitenote_note":"","_monsterinsights_sitenote_category":0,"footnotes":""},"aioseo_notices":[],"_links":{"self":[{"href":"https:\/\/www.growthside.gr\/nb\/wp-json\/wp\/v2\/pages\/431"}],"collection":[{"href":"https:\/\/www.growthside.gr\/nb\/wp-json\/wp\/v2\/pages"}],"about":[{"href":"https:\/\/www.growthside.gr\/nb\/wp-json\/wp\/v2\/types\/page"}],"author":[{"embeddable":true,"href":"https:\/\/www.growthside.gr\/nb\/wp-json\/wp\/v2\/users\/3"}],"replies":[{"embeddable":true,"href":"https:\/\/www.growthside.gr\/nb\/wp-json\/wp\/v2\/comments?post=431"}],"version-history":[{"count":18,"href":"https:\/\/www.growthside.gr\/nb\/wp-json\/wp\/v2\/pages\/431\/revisions"}],"predecessor-version":[{"id":2004,"href":"https:\/\/www.growthside.gr\/nb\/wp-json\/wp\/v2\/pages\/431\/revisions\/2004"}],"wp:attachment":[{"href":"https:\/\/www.growthside.gr\/nb\/wp-json\/wp\/v2\/media?parent=431"}],"curies":[{"name":"wp","href":"https:\/\/api.w.org\/{rel}","templated":true}]}}