{"id":443,"date":"2016-12-18T23:28:53","date_gmt":"2016-12-18T21:28:53","guid":{"rendered":"http:\/\/growthside.gr\/nb\/?page_id=443"},"modified":"2016-12-18T23:28:53","modified_gmt":"2016-12-18T21:28:53","slug":"eksport","status":"publish","type":"page","link":"https:\/\/www.growthside.gr\/nb\/eksport\/","title":{"rendered":"EKSPORT"},"content":{"rendered":"<p>[vc_row row_type=&raquo;row&raquo; use_row_as_full_screen_section=&raquo;no&raquo; type=&raquo;full_width&raquo; angled_section=&raquo;no&raquo; text_align=&raquo;left&raquo; background_image_as_pattern=&raquo;without_pattern&raquo; css_animation=&raquo;&raquo; css=&raquo;.vc_custom_1469124365869{padding-bottom: 20px !important;}&raquo;][vc_column][vc_column_text]Orienteringen om internasjonale markeder for eksport er viktig for alle moderne bedrifter, spesielt for greske selskaper som har problemer med \u00e5 overleve i det innenlandske markedet i motsetning til den \u00f8kende ettersp\u00f8rselen etter greske produkter i utlandet. Men eksport er et maraton og ikke en sprint. Det krever utholdenhet, kontinuerlig innsats og ha samsvar med all n\u00f8dvendig standardisering, merking og emballering.<\/p>\n<p>V\u00e5rt firma tar seg av enten den eksklusive representasjon eller r\u00e5dgivning om eksport og \u00e5 informere om importlover som gjelder i hvert enkelt land, priser og lokalt byr\u00e5krati.<\/p>\n<p>De greske produktene samt alle <strong>PDO (Protected Designation of Origin)<\/strong> og \u00a0<strong>PGI (Protected Geographical Indication)<\/strong>produkter i Hellas, er tilleggsverdi varer og rettet til forbrukere med en h\u00f8y f\u00f8lelse av ern\u00e6ringsmessig bevissthet og sunne valg<br \/>\nn\u00e5r det gjelder kost. Derfor kreves det riktig forberedelse, koordinert og m\u00e5lrettet markedsf\u00f8ring-promotion av greske produkter og organisert levering i utlandet.[\/vc_column_text][\/vc_column][\/vc_row][vc_row row_type=&raquo;row&raquo; use_row_as_full_screen_section=&raquo;no&raquo; type=&raquo;full_width&raquo; angled_section=&raquo;no&raquo; text_align=&raquo;left&raquo; background_image_as_pattern=&raquo;without_pattern&raquo; css_animation=&raquo;&raquo; css=&raquo;.vc_custom_1468684403707{padding-top: 40px !important;padding-bottom: 20px !important;}&raquo;][vc_column width=&raquo;1\/2&#8243;][vc_column_text]<\/p>\n<h2 style=\"text-align: center; text-transform: uppercase;\">Direkte eksport<\/h2>\n<p>Opprett lokalt kontor Eller filial<\/p>\n<p>Eksport gjennom tredjeparter (representanter, grossister, Distribut\u00f8rer)<\/p>\n<ul>\n<li>Konkurransestudie (konsumprisene, en gros priser)<\/li>\n<li>Kostnader for dine produkter.<\/li>\n<li>Informasjon om importlover (toll, skatt, medf\u00f8lgende n\u00f8dvendig dokumenter).<\/li>\n<li>Kontakt med potensielle kunder og informasjon om aktiviteten i din bedrift.<\/li>\n<li>Personlig bes\u00f8k hos kunden for en omfattende presentasjon av produkter for eksport.<\/li>\n<li>Regelmessige utsendelse av nyhetsbrev.<\/li>\n<li>Kundeadministrasjon, utsendelse av tilbud og ordrer.<\/li>\n<li>Kontinuerlig kommunikasjon med kunder for \u00e5 motta produkter, informasjon om ettersp\u00f8rsel fra privatkunder, betalingsordning.<\/li>\n<\/ul>\n<p>[\/vc_column_text][\/vc_column][vc_column width=&raquo;1\/2&#8243;][vc_column_text]<\/p>\n<h2 style=\"text-align: center; text-transform: uppercase;\">Organisering av eksportvirksomhet.<\/h2>\n<p>Vi organiserer bedriftens eksportavdeling og r\u00e5dgivning innen standardisering, merking og emballering og markedsunders\u00f8kelser av kundenettverk og partnere i utlandet.<\/p>\n<p>Metode:<\/p>\n<ul>\n<li>Oversikt over selskapet, m\u00e5lsetting av mulighetene<\/li>\n<li>Konkurransestudie (konsumprisene, en gros priser)<\/li>\n<li>Produsere konkurransebilde og produktidentitet (bedriftens identitet, emballasje, merking mv).<\/li>\n<li>Kostnadsanalyse av produktene.<\/li>\n<li>Informasjon om importlover (toll, skatter, medf\u00f8lgende n\u00f8dvendige dokumenter).<\/li>\n<li>Finne utviklingsmarkeder for din produktgruppe.<\/li>\n<li>Organisering og valg av eksportmarkedsf\u00f8ringsmetode.<\/li>\n<li>Forbered eksportvirksomhet i utlandet.<\/li>\n<li>Forberedelse og st\u00f8tte av deltakelser i messer i utlandet og kundeinvitasjon til \u00e5 bes\u00f8ke din stand.<\/li>\n<li>Blir med deg til utlandet for organisering og deltakelse p\u00e5 messer.<\/li>\n<li>Organisering av B2B m\u00f8ter.<\/li>\n<li>Oppf\u00f8lging og informasjon for potensielle kunder og deltakelse i internasjonale utstillinger for \u00e5 oppn\u00e5 samarbeid.<\/li>\n<\/ul>\n<p>[\/vc_column_text][\/vc_column][\/vc_row]<\/p>\n","protected":false},"excerpt":{"rendered":"<p>[vc_row row_type=&raquo;row&raquo; use_row_as_full_screen_section=&raquo;no&raquo; type=&raquo;full_width&raquo; angled_section=&raquo;no&raquo; text_align=&raquo;left&raquo; background_image_as_pattern=&raquo;without_pattern&raquo; css_animation=&raquo;&raquo; css=&raquo;.vc_custom_1469124365869{padding-bottom: 20px !important;}&raquo;][vc_column][vc_column_text]Orienteringen om internasjonale markeder for eksport er viktig for alle moderne bedrifter, spesielt for greske selskaper som har problemer med \u00e5 overleve i det innenlandske markedet i motsetning til den \u00f8kende ettersp\u00f8rselen etter greske produkter&#8230;<\/p>\n","protected":false},"author":3,"featured_media":0,"parent":0,"menu_order":0,"comment_status":"closed","ping_status":"closed","template":"","meta":{"om_disable_all_campaigns":false,"inline_featured_image":false,"_monsterinsights_skip_tracking":false,"_monsterinsights_sitenote_active":false,"_monsterinsights_sitenote_note":"","_monsterinsights_sitenote_category":0,"footnotes":""},"aioseo_notices":[],"_links":{"self":[{"href":"https:\/\/www.growthside.gr\/nb\/wp-json\/wp\/v2\/pages\/443"}],"collection":[{"href":"https:\/\/www.growthside.gr\/nb\/wp-json\/wp\/v2\/pages"}],"about":[{"href":"https:\/\/www.growthside.gr\/nb\/wp-json\/wp\/v2\/types\/page"}],"author":[{"embeddable":true,"href":"https:\/\/www.growthside.gr\/nb\/wp-json\/wp\/v2\/users\/3"}],"replies":[{"embeddable":true,"href":"https:\/\/www.growthside.gr\/nb\/wp-json\/wp\/v2\/comments?post=443"}],"version-history":[{"count":1,"href":"https:\/\/www.growthside.gr\/nb\/wp-json\/wp\/v2\/pages\/443\/revisions"}],"predecessor-version":[{"id":444,"href":"https:\/\/www.growthside.gr\/nb\/wp-json\/wp\/v2\/pages\/443\/revisions\/444"}],"wp:attachment":[{"href":"https:\/\/www.growthside.gr\/nb\/wp-json\/wp\/v2\/media?parent=443"}],"curies":[{"name":"wp","href":"https:\/\/api.w.org\/{rel}","templated":true}]}}