{"id":447,"date":"2016-12-18T23:33:50","date_gmt":"2016-12-18T21:33:50","guid":{"rendered":"http:\/\/growthside.gr\/nb\/?page_id=447"},"modified":"2016-12-18T23:33:50","modified_gmt":"2016-12-18T21:33:50","slug":"finansiering-og-styring-av-investeringsprosjekter","status":"publish","type":"page","link":"https:\/\/www.growthside.gr\/nb\/finansiering-og-styring-av-investeringsprosjekter\/","title":{"rendered":"FINANSIERING OG STYRING AV INVESTERINGSPROSJEKTER"},"content":{"rendered":"<p>[vc_row row_type=&raquo;row&raquo; use_row_as_full_screen_section=&raquo;no&raquo; type=&raquo;full_width&raquo; angled_section=&raquo;no&raquo; text_align=&raquo;left&raquo; background_image_as_pattern=&raquo;without_pattern&raquo; css_animation=&raquo;&raquo;][vc_column]<div class=\"qode-animation-holder element_from_fade\"><div class=\"qode-animation-holder-inner\"  style=\"-webkit-animation-delay:s; animation-delay:s; -webkit-transition-delay:s; transition-delay:s\">[vc_column_text]Finansieringen av investeringsprosjekter, gjennom nasjonal og EU ressurser, er de siste \u00e5rene for en hver gresk virksomhet, et viktig parameter for utvikling av strategi. V\u00e5r prioritet er godkjenning av investeringsforslag og en problemfri gjennomf\u00f8ring av prosjekter.<\/p>\n<p>V\u00e5rt selskap og v\u00e5re ledere, st\u00f8tter din gr\u00fcnder visjon med realistiske forslag og informasjon om muligheten til \u00e5 delta i investeringssubsidierte programmer. Ledere med betydelig erfaring i bruk av finansielle instrumenter i forbindelse med nasjonale eller europeiske programmer og tiltak for \u00e5 tilby integrerte st\u00f8ttetjenester for deres finansiering, inkludert:<\/p>\n<ul>\n<li>Vurdering av investeringsprosjekter<\/li>\n<li>Utnyttelse av beste finansieringskilder<\/li>\n<li>Utarbeide en komplett mulighetsstudie p\u00e5 alle subsidierte programmer<\/li>\n<li>Innlevering av s\u00f8knad og levering av s\u00f8knaden til vedkommende organ.<\/li>\n<li>Overv\u00e5king av prosjektgjennomf\u00f8ring og st\u00f8tte til \u00e5 samle ytterligere data og dokumenter.<\/li>\n<li>Utarbeidelse av kvartals og sluttfremdriftsrapporter og revisjonsforesp\u00f8rsler &#8211; sertifiseringskostnader.<\/li>\n<li>St\u00f8tte for utbetaling av tilskuddet til den endelige nedbetaling av prosjektet.<\/li>\n<\/ul>\n<p>[\/vc_column_text]<\/div><\/div>[\/vc_column][\/vc_row]<\/p>\n","protected":false},"excerpt":{"rendered":"<p>[vc_row row_type=&raquo;row&raquo; use_row_as_full_screen_section=&raquo;no&raquo; type=&raquo;full_width&raquo; angled_section=&raquo;no&raquo; text_align=&raquo;left&raquo; background_image_as_pattern=&raquo;without_pattern&raquo; css_animation=&raquo;&raquo;][vc_column][\/vc_column][\/vc_row]<\/p>\n","protected":false},"author":3,"featured_media":0,"parent":0,"menu_order":0,"comment_status":"closed","ping_status":"closed","template":"","meta":{"om_disable_all_campaigns":false,"inline_featured_image":false,"_monsterinsights_skip_tracking":false,"_monsterinsights_sitenote_active":false,"_monsterinsights_sitenote_note":"","_monsterinsights_sitenote_category":0,"footnotes":""},"aioseo_notices":[],"_links":{"self":[{"href":"https:\/\/www.growthside.gr\/nb\/wp-json\/wp\/v2\/pages\/447"}],"collection":[{"href":"https:\/\/www.growthside.gr\/nb\/wp-json\/wp\/v2\/pages"}],"about":[{"href":"https:\/\/www.growthside.gr\/nb\/wp-json\/wp\/v2\/types\/page"}],"author":[{"embeddable":true,"href":"https:\/\/www.growthside.gr\/nb\/wp-json\/wp\/v2\/users\/3"}],"replies":[{"embeddable":true,"href":"https:\/\/www.growthside.gr\/nb\/wp-json\/wp\/v2\/comments?post=447"}],"version-history":[{"count":1,"href":"https:\/\/www.growthside.gr\/nb\/wp-json\/wp\/v2\/pages\/447\/revisions"}],"predecessor-version":[{"id":449,"href":"https:\/\/www.growthside.gr\/nb\/wp-json\/wp\/v2\/pages\/447\/revisions\/449"}],"wp:attachment":[{"href":"https:\/\/www.growthside.gr\/nb\/wp-json\/wp\/v2\/media?parent=447"}],"curies":[{"name":"wp","href":"https:\/\/api.w.org\/{rel}","templated":true}]}}